{"id":46,"date":"2021-08-30T18:44:51","date_gmt":"2021-08-30T16:44:51","guid":{"rendered":"http:\/\/sisteminformativi.eu\/demo05\/?page_id=46"},"modified":"2022-08-31T18:04:13","modified_gmt":"2022-08-31T16:04:13","slug":"sistemi-integrati","status":"publish","type":"page","link":"http:\/\/sisteminformativi.eu\/demo05\/sistemi-integrati\/","title":{"rendered":"PRODUZIONE E INSTALLAZOIONE"},"content":{"rendered":"\n<p><strong><strong>Medin Sistemi S.r.l.<\/strong>\u00a0<\/strong>\u00a0propone e realizza soluzioni ad alto valore aggiunto, mediante l\u2019integrazione di differenti sistemi, i quali cooperando tra di loro permettono al cliente stesso, di avere una chiara conoscenza di ci\u00f2 che sta accadendo, in modo da permettergli di scegliere la soluzione pi\u00f9 adatta.<\/p>\n\n\n\n<p><strong><strong>Medin Sistemi S.r.l.<\/strong><\/strong> \u00e8 in grado di ingegnerizzare, produrre e collaudare apparati e sottosistemi, rendendo le soluzioni &#8220;custom&#8221; ove necessario e richiesto dal cliente.<\/p>\n\n\n\n<p>Per rendersi conto meglio, basti pensare alla profonda integrazione che esiste tra i sistemi di sicurezza fisica, quali videosorveglianza, controllo accessi e antintrusione. Solo una loro attenta cooperazione permetter\u00e0 al Cliente e, pi\u00f9 in generale all\u2019operatore, di gestire al meglio gli eventi, ridurre gli errori, migliorare i processi e le procedure interne al fine di salvaguardare gli investimenti<\/p>\n","protected":false},"excerpt":{"rendered":"<p>Medin Sistemi S.r.l.\u00a0\u00a0propone e realizza soluzioni ad alto valore aggiunto, mediante l\u2019integrazione di differenti sistemi, i quali cooperando tra di loro permettono al cliente stesso, di avere una chiara conoscenza di ci\u00f2 che sta accadendo, in modo da permettergli di scegliere la soluzione pi\u00f9 adatta. Medin Sistemi S.r.l. \u00e8 in &hellip;<\/p>\n","protected":false},"author":1,"featured_media":0,"parent":0,"menu_order":0,"comment_status":"closed","ping_status":"closed","template":"","meta":[],"_links":{"self":[{"href":"http:\/\/sisteminformativi.eu\/demo05\/wp-json\/wp\/v2\/pages\/46"}],"collection":[{"href":"http:\/\/sisteminformativi.eu\/demo05\/wp-json\/wp\/v2\/pages"}],"about":[{"href":"http:\/\/sisteminformativi.eu\/demo05\/wp-json\/wp\/v2\/types\/page"}],"author":[{"embeddable":true,"href":"http:\/\/sisteminformativi.eu\/demo05\/wp-json\/wp\/v2\/users\/1"}],"replies":[{"embeddable":true,"href":"http:\/\/sisteminformativi.eu\/demo05\/wp-json\/wp\/v2\/comments?post=46"}],"version-history":[{"count":5,"href":"http:\/\/sisteminformativi.eu\/demo05\/wp-json\/wp\/v2\/pages\/46\/revisions"}],"predecessor-version":[{"id":224,"href":"http:\/\/sisteminformativi.eu\/demo05\/wp-json\/wp\/v2\/pages\/46\/revisions\/224"}],"wp:attachment":[{"href":"http:\/\/sisteminformativi.eu\/demo05\/wp-json\/wp\/v2\/media?parent=46"}],"curies":[{"name":"wp","href":"https:\/\/api.w.org\/{rel}","templated":true}]}}