{"id":36,"date":"2021-08-30T18:31:32","date_gmt":"2021-08-30T16:31:32","guid":{"rendered":"http:\/\/sisteminformativi.eu\/demo05\/?page_id=36"},"modified":"2022-08-31T17:56:42","modified_gmt":"2022-08-31T15:56:42","slug":"chi-siamo","status":"publish","type":"page","link":"http:\/\/sisteminformativi.eu\/demo05\/","title":{"rendered":""},"content":{"rendered":"\n<p><strong>Medin Sistemi S.r.l.<\/strong> \u00e8 una societ\u00e0 di system integration specializzata in soluzioni di sicurezza fisica, con l\u2019innesto di esperienze decennali sui mercati di riferimento.<\/p>\n\n\n\n<p><strong> <strong>Medin Sistemi S.r.l.<\/strong>  <\/strong>&nbsp;opera nel settore privato e delle pubblica amministrazione, ed \u00e8 in grado di rispondere alle esigenze pi\u00f9 complesse di un mercato in continua evoluzione.<\/p>\n\n\n\n<p>Grazie a un team competente e specializzato,&nbsp;<strong> <strong>Medin Sistemi S.r.l.<\/strong>  <\/strong>\u00e8 in grado di rispondere ad ogni richiesta in breve tempo e con professionalit\u00e0.<\/p>\n\n\n\n<p>Il vero patrimonio aziendale di&nbsp;<strong> <strong>Medin Sistemi S.r.l.<\/strong> <\/strong>sono le sue risorse umane, ed \u00e8 per questo che investe sulla formazione continua del proprio personale. La nostra forza \u00e8 un team di persone che lavora con passione e professionalit\u00e0, al fine di proporre al cliente la soluzione migliore alla specifica esigenza.<\/p>\n","protected":false},"excerpt":{"rendered":"<p>Medin Sistemi S.r.l. \u00e8 una societ\u00e0 di system integration specializzata in soluzioni di sicurezza fisica, con l\u2019innesto di esperienze decennali sui mercati di riferimento. Medin Sistemi S.r.l. &nbsp;opera nel settore privato e delle pubblica amministrazione, ed \u00e8 in grado di rispondere alle esigenze pi\u00f9 complesse di un mercato in continua &hellip;<\/p>\n","protected":false},"author":1,"featured_media":0,"parent":0,"menu_order":0,"comment_status":"closed","ping_status":"closed","template":"","meta":[],"_links":{"self":[{"href":"http:\/\/sisteminformativi.eu\/demo05\/wp-json\/wp\/v2\/pages\/36"}],"collection":[{"href":"http:\/\/sisteminformativi.eu\/demo05\/wp-json\/wp\/v2\/pages"}],"about":[{"href":"http:\/\/sisteminformativi.eu\/demo05\/wp-json\/wp\/v2\/types\/page"}],"author":[{"embeddable":true,"href":"http:\/\/sisteminformativi.eu\/demo05\/wp-json\/wp\/v2\/users\/1"}],"replies":[{"embeddable":true,"href":"http:\/\/sisteminformativi.eu\/demo05\/wp-json\/wp\/v2\/comments?post=36"}],"version-history":[{"count":2,"href":"http:\/\/sisteminformativi.eu\/demo05\/wp-json\/wp\/v2\/pages\/36\/revisions"}],"predecessor-version":[{"id":217,"href":"http:\/\/sisteminformativi.eu\/demo05\/wp-json\/wp\/v2\/pages\/36\/revisions\/217"}],"wp:attachment":[{"href":"http:\/\/sisteminformativi.eu\/demo05\/wp-json\/wp\/v2\/media?parent=36"}],"curies":[{"name":"wp","href":"https:\/\/api.w.org\/{rel}","templated":true}]}}